{"id":2,"date":"2018-02-12T21:24:05","date_gmt":"2018-02-12T21:24:05","guid":{"rendered":"https:\/\/the6rightest.com\/?page_id=2"},"modified":"2025-02-14T10:01:10","modified_gmt":"2025-02-14T15:01:10","slug":"story","status":"publish","type":"page","link":"https:\/\/the6rightest.com\/fr\/story\/","title":{"rendered":"Histoire"},"content":{"rendered":"<p class=\"has-drop-cap has-text-color has-normal-font-size wp-block-paragraph\" style=\"color:#000000\">L\u2019histoire d\u2019origine de the 6rightest est un t\u00e9moignage d\u2019optimisme \u00e9ternelle, de la puissance des comp\u00e9tences personnelles et d\u2019un certain courage qui provient uniquement d\u2019un sentiment d\u2019\u00e9chec. L\u2019int\u00e9r\u00eat que je porte \u00e0 l\u2019entrepreneuriat d\u00e9coule de mes exp\u00e9riences de travail dans les startups. Mais en effet, elle \u00e9tait surtout influenc\u00e9e par une p\u00e9riode difficile dans ma vie, quand j\u2019ai fait confiance aux mauvaises personnes. J\u2019ai \u00e9t\u00e9 tromp\u00e9e, manipul\u00e9e et escroqu\u00e9e de l\u2019argent. Bris\u00e9e, pouss\u00e9e par une anxi\u00e9t\u00e9 croissante et tir\u00e9e par mon amour pour Toronto, je suis revenue chez moi \u00e0 the Six. Apr\u00e8s un an des podcasts \u00e9patants dans mes oreilles, de bons livres lis en silence et des joggings rajeunissantes au bord du lac, j\u2019ai rassembl\u00e9 les morceaux de moi. Un jour je me suis r\u00e9veill\u00e9e et j\u2019\u00e9tais moi-m\u00eame \u00e0 nouveau. Sachant que je suis la plus heureuse quand j\u2019\u00e9cris, j\u2019ai d\u00e9cid\u00e9 d\u2019\u00e9crire simplement pour moi et j\u2019ai lanc\u00e9 the 6rightest, initialement un magazine en ligne pr\u00e9sentant les histoires des entrepreneurs locaux.<br><br>Apr\u00e8s quelques mois, le concept de the 6rightest a \u00e9volu\u00e9. En travaillant comme enseignante de l\u2019\u00e9cole secondaire dans des deux plus grands m\u00e9tropoles au Canada, j\u2019ai observ\u00e9 des \u00e9l\u00e8ves (qu\u2019ils soient des r\u00e9fugi\u00e9s, des immigrants, des locaux ou des cosmopolites) commencent leurs propres entreprises. Pendant que les jeunes de la g\u00e9n\u00e9ration Z de toutes les races et les milieux socioculturels innovent ambitieusement et le nombre de startups et des side hustles cr\u00e9\u00e9s chaque ann\u00e9e est <a href=\"https:\/\/www.globenewswire.com\/news-release\/2019\/09\/17\/1916475\/0\/en\/Side-Hustle-Now-the-New-Normal-for-Working-Canadians.html\">en hausse<\/a>, j\u2019ai not\u00e9 qu\u2019il n\u2019y a gu\u00e8re de soutien pour des penseurs originaux \u00e0 l\u2019\u00e9cole secondaire. J\u2019ai donc pens\u00e9, comment pouvons-nous faire mieux ? C\u2019est l\u00e0 o\u00f9 j\u2019ai vu l\u2019\u00e9cart et j\u2019ai d\u00e9cid\u00e9 que je pourrais \u00eatre celle qui comble le foss\u00e9. Inspir\u00e9e par les grands entrepreneurs que je rencontre, ainsi que les \u00e9l\u00e8ves prometteurs que j\u2019enseigne, the 6rightest est devenue une organisation \u00e0 but non lucratif soutenant des jeunes entrepreneurs aspirants. En lan\u00e7ant ma propre aventure entrepreneuriale et en partageant mon histoire, c\u2019est mon but d\u2019aider la prochaine g\u00e9n\u00e9ration des penseurs \u00e0 voir que rien ne peut arr\u00eater une id\u00e9e brillante.<\/p>\n\n\n\n<figure class=\"wp-block-image size-large is-resized\"><img data-opt-id=1112425229  fetchpriority=\"high\" decoding=\"async\" width=\"1200\" height=\"547\" data-attachment-id=\"4238\" data-permalink=\"https:\/\/the6rightest.com\/fr\/story\/black-signature-copy\/\" data-orig-file=\"https:\/\/mltyh8w83q6i.i.optimole.com\/cb:tv33.231\/w:auto\/h:auto\/q:mauto\/ig:avif\/https:\/\/the6rightest.com\/wp-content\/uploads\/2020\/01\/black-signature-copy.png\" data-orig-size=\"1200,547\" data-comments-opened=\"0\" data-image-meta=\"{&quot;aperture&quot;:&quot;0&quot;,&quot;credit&quot;:&quot;&quot;,&quot;camera&quot;:&quot;&quot;,&quot;caption&quot;:&quot;&quot;,&quot;created_timestamp&quot;:&quot;0&quot;,&quot;copyright&quot;:&quot;&quot;,&quot;focal_length&quot;:&quot;0&quot;,&quot;iso&quot;:&quot;0&quot;,&quot;shutter_speed&quot;:&quot;0&quot;,&quot;title&quot;:&quot;&quot;,&quot;orientation&quot;:&quot;0&quot;}\" data-image-title=\"black-signature-copy\" data-image-description=\"\" data-image-caption=\"\" data-large-file=\"https:\/\/mltyh8w83q6i.i.optimole.com\/cb:tv33.231\/w:1024\/h:467\/q:mauto\/ig:avif\/https:\/\/the6rightest.com\/wp-content\/uploads\/2020\/01\/black-signature-copy.png\" src=\"https:\/\/mltyh8w83q6i.i.optimole.com\/cb:tv33.231\/w:auto\/h:auto\/q:mauto\/ig:avif\/https:\/\/i0.wp.com\/the6rightest.com\/wp-content\/uploads\/2020\/01\/black-signature-copy.png?fit=674%2C307&amp;ssl=1\" alt=\"\" class=\"wp-image-4238\" style=\"width:315px;height:143px\" srcset=\"https:\/\/mltyh8w83q6i.i.optimole.com\/cb:tv33.231\/w:1200\/h:547\/q:mauto\/ig:avif\/https:\/\/the6rightest.com\/wp-content\/uploads\/2020\/01\/black-signature-copy.png 1200w, https:\/\/mltyh8w83q6i.i.optimole.com\/cb:tv33.231\/w:300\/h:137\/q:mauto\/ig:avif\/https:\/\/the6rightest.com\/wp-content\/uploads\/2020\/01\/black-signature-copy.png 300w, https:\/\/mltyh8w83q6i.i.optimole.com\/cb:tv33.231\/w:1024\/h:467\/q:mauto\/ig:avif\/https:\/\/the6rightest.com\/wp-content\/uploads\/2020\/01\/black-signature-copy.png 1024w, https:\/\/mltyh8w83q6i.i.optimole.com\/cb:tv33.231\/w:768\/h:350\/q:mauto\/ig:avif\/https:\/\/the6rightest.com\/wp-content\/uploads\/2020\/01\/black-signature-copy.png 768w, https:\/\/mltyh8w83q6i.i.optimole.com\/cb:tv33.231\/w:640\/h:292\/q:mauto\/ig:avif\/https:\/\/the6rightest.com\/wp-content\/uploads\/2020\/01\/black-signature-copy.png 640w\" sizes=\"(max-width: 760px) 100vw, 760px\" \/><\/figure>\n\n\n\n<p class=\"has-text-color has-normal-font-size wp-block-paragraph\" style=\"color:#000000\">El\u017cbieta Chmiel<br>Fondatrice \/ Directrice Ex\u00e9cutive<\/p>\n\n\n\n<blockquote class=\"wp-block-quote is-layout-flow wp-block-quote-is-layout-flow\">\n<p class=\"wp-block-paragraph\"><mark style=\"background-color:rgba(0, 0, 0, 0)\" class=\"has-inline-color has-accent-1-color\"><em>\u00ab Ce que nous faisons maintenant fait \u00e9cho dans l\u2019\u00e9ternit\u00e9. \u00bb<\/em> <br>\u2013 Marc Aur\u00e8le<\/mark><\/p>\n<\/blockquote>","protected":false},"excerpt":{"rendered":"<p>The origin story of the 6rightest is a testament to eternal optimism, the power of people skills and a certain courage that only comes from &hellip;<\/p>","protected":false},"author":1,"featured_media":3026,"parent":0,"menu_order":1,"comment_status":"closed","ping_status":"closed","template":"","meta":{"_crdt_document":"","_monsterinsights_skip_tracking":false,"_monsterinsights_sitenote_active":false,"_monsterinsights_sitenote_note":"","_monsterinsights_sitenote_category":0,"_uf_show_specific_survey":0,"_uf_disable_surveys":false,"footnotes":""},"class_list":["post-2","page","type-page","status-publish","has-post-thumbnail","hentry"],"aioseo_notices":[],"jetpack_sharing_enabled":false,"jetpack_shortlink":"https:\/\/wp.me\/P9EHbH-2","amp_enabled":true,"_links":{"self":[{"href":"https:\/\/the6rightest.com\/fr\/wp-json\/wp\/v2\/pages\/2","targetHints":{"allow":["GET"]}}],"collection":[{"href":"https:\/\/the6rightest.com\/fr\/wp-json\/wp\/v2\/pages"}],"about":[{"href":"https:\/\/the6rightest.com\/fr\/wp-json\/wp\/v2\/types\/page"}],"author":[{"embeddable":true,"href":"https:\/\/the6rightest.com\/fr\/wp-json\/wp\/v2\/users\/1"}],"replies":[{"embeddable":true,"href":"https:\/\/the6rightest.com\/fr\/wp-json\/wp\/v2\/comments?post=2"}],"version-history":[{"count":100,"href":"https:\/\/the6rightest.com\/fr\/wp-json\/wp\/v2\/pages\/2\/revisions"}],"predecessor-version":[{"id":6504,"href":"https:\/\/the6rightest.com\/fr\/wp-json\/wp\/v2\/pages\/2\/revisions\/6504"}],"wp:featuredmedia":[{"embeddable":true,"href":"https:\/\/the6rightest.com\/fr\/wp-json\/wp\/v2\/media\/3026"}],"wp:attachment":[{"href":"https:\/\/the6rightest.com\/fr\/wp-json\/wp\/v2\/media?parent=2"}],"curies":[{"name":"wp","href":"https:\/\/api.w.org\/{rel}","templated":true}]}}