{"id":2146,"date":"2020-08-16T12:45:55","date_gmt":"2020-08-16T16:45:55","guid":{"rendered":"https:\/\/the6rightest.com\/?page_id=2146"},"modified":"2025-02-15T17:44:58","modified_gmt":"2025-02-15T22:44:58","slug":"students","status":"publish","type":"page","link":"https:\/\/the6rightest.com\/fr\/students\/","title":{"rendered":"Jeunes"},"content":{"rendered":"<p class=\"has-text-align-left has-text-color wp-block-paragraph\" style=\"color:#000000\">Nous acceptons actuellement les demandes pour notre programme de mentorat. <\/p>\n\n\n\n<h4 class=\"wp-block-heading has-text-align-left has-text-align-center\" id=\"why-participate\"><strong>Pourquoi y participer ?<\/strong><\/h4>\n\n\n\n<p class=\"has-text-color wp-block-paragraph\" style=\"color:#000000\">\u2022 Lancer une nouvelle entreprise au b\u00e9n\u00e9fice de ta communaut\u00e9<br>\u2022 Apprendre des conseils et des critiques constructives d\u2019un entrepreneur chevronn\u00e9<br>\u2022 Consolider votre \u00e9thique du travail et am\u00e9liorer vos comp\u00e9tences en leadership<br>\u2022 \u00c9largir votre r\u00e9seau<br>\u2022 Pr\u00e9senter votre id\u00e9e d\u2019entreprise aux entrepreneurs locaux et courir la chance de gagner un prix en argent pour faire prosp\u00e9rer votre entreprise !<\/p>\n\n\n\n<h4 class=\"wp-block-heading has-text-align-left has-text-align-center\" id=\"eligibility\"><strong>Admissibilit\u00e9<\/strong><\/h4>\n\n\n\n<p class=\"has-text-color wp-block-paragraph\" style=\"color:#000000\">Vous \u00eates admissible \u00e0 participer au programme de mentorat si vous :<br>\u2022 avez un int\u00e9r\u00eat pour l\u2019entrepreneuriat et vous \u00eates d\u00e9j\u00e0 en train de d\u00e9velopper une id\u00e9e d\u2019entreprise*<br>\u2022 avez au moins 15 ans et vous r\u00e9sidez dans la R\u00e9gion du Grand Toronto<br>\u2022 faites face \u00e0 un obstacle au succ\u00e8s (Les obstacles comprennent l\u2019in\u00e9galit\u00e9 entre les sexes, la discrimination raciale ou religieuse, l\u2019ins\u00e9curit\u00e9 financi\u00e8re, les r\u00e9seaux limit\u00e9s et les obstacles associ\u00e9s \u00e0 l\u2019immigration au Canada)<br>\u2022 are open to\u00a0receive feedback from\u00a0your mentor online or on the phone, 1 hour per week over 6 weeks<br><br>*Si vous voulez travailler sur une id\u00e9e d\u2019entreprise en petite \u00e9quipe (jusqu\u2019\u00e0 4 personnes) vous pouvez participer au programme avec vos amis, cependant,\u00a0<strong>chacun de vous doit soumettre une demande et r\u00e9pondre aux crit\u00e8res d\u2019admissibilit\u00e9.<\/strong><\/p>\n\n\n\n<div class=\"wp-block-buttons is-content-justification-center is-layout-flex wp-container-core-buttons-is-layout-fe48e5de wp-block-buttons-is-layout-flex\">\n<div class=\"wp-block-button is-style-outline is-style-outline--1\"><a class=\"wp-block-button__link has-accent-1-color has-sitebg-background-color has-text-color has-background has-link-color has-text-align-center wp-element-button\" href=\"http:\/\/the6rightest.com\/fr\/student-application\/\">Find a Mentor<\/a><\/div>\n<\/div>\n\n\n\n<div style=\"height:21px\" aria-hidden=\"true\" class=\"wp-block-spacer\"><\/div>\n\n\n\n<div class=\"wp-block-buttons is-content-justification-center is-layout-flex wp-container-core-buttons-is-layout-fe48e5de wp-block-buttons-is-layout-flex\">\n<div class=\"wp-block-button is-style-outline is-style-outline--2\"><a class=\"wp-block-button__link has-accent-1-color has-sitebg-background-color has-text-color has-background has-link-color has-text-align-center wp-element-button\" href=\"http:\/\/the6rightest.com\/fr\/faq\/\" target=\"_blank\" rel=\"noreferrer noopener\">FAQ<\/a><\/div>\n<\/div>\n\n\n\n<p class=\"has-text-align-center wp-block-paragraph\"><\/p>","protected":false},"excerpt":{"rendered":"<p>We are currently accepting applications for our mentorship program. Why Participate? \u2022 Start a new business to benefit your community\u2022&nbsp;Learn from the advice and constructive &hellip;<\/p>","protected":false},"author":1,"featured_media":5306,"parent":0,"menu_order":0,"comment_status":"closed","ping_status":"closed","template":"","meta":{"_crdt_document":"","_monsterinsights_skip_tracking":false,"_monsterinsights_sitenote_active":false,"_monsterinsights_sitenote_note":"","_monsterinsights_sitenote_category":0,"_uf_show_specific_survey":0,"_uf_disable_surveys":false,"footnotes":""},"class_list":["post-2146","page","type-page","status-publish","has-post-thumbnail","hentry"],"aioseo_notices":[],"jetpack_sharing_enabled":true,"jetpack_shortlink":"https:\/\/wp.me\/P9EHbH-yC","amp_enabled":true,"_links":{"self":[{"href":"https:\/\/the6rightest.com\/fr\/wp-json\/wp\/v2\/pages\/2146","targetHints":{"allow":["GET"]}}],"collection":[{"href":"https:\/\/the6rightest.com\/fr\/wp-json\/wp\/v2\/pages"}],"about":[{"href":"https:\/\/the6rightest.com\/fr\/wp-json\/wp\/v2\/types\/page"}],"author":[{"embeddable":true,"href":"https:\/\/the6rightest.com\/fr\/wp-json\/wp\/v2\/users\/1"}],"replies":[{"embeddable":true,"href":"https:\/\/the6rightest.com\/fr\/wp-json\/wp\/v2\/comments?post=2146"}],"version-history":[{"count":48,"href":"https:\/\/the6rightest.com\/fr\/wp-json\/wp\/v2\/pages\/2146\/revisions"}],"predecessor-version":[{"id":6911,"href":"https:\/\/the6rightest.com\/fr\/wp-json\/wp\/v2\/pages\/2146\/revisions\/6911"}],"wp:featuredmedia":[{"embeddable":true,"href":"https:\/\/the6rightest.com\/fr\/wp-json\/wp\/v2\/media\/5306"}],"wp:attachment":[{"href":"https:\/\/the6rightest.com\/fr\/wp-json\/wp\/v2\/media?parent=2146"}],"curies":[{"name":"wp","href":"https:\/\/api.w.org\/{rel}","templated":true}]}}