{"id":2149,"date":"2020-08-16T12:45:57","date_gmt":"2020-08-16T16:45:57","guid":{"rendered":"https:\/\/the6rightest.com\/?page_id=2149"},"modified":"2025-02-15T16:25:44","modified_gmt":"2025-02-15T21:25:44","slug":"mentors","status":"publish","type":"page","link":"https:\/\/the6rightest.com\/fr\/mentors\/","title":{"rendered":"Mentors"},"content":{"rendered":"<p class=\"has-text-align-left has-text-color wp-block-paragraph\" style=\"color:#000000\">Nous recherchons actuellement des entrepreneurs pour partager leur expertise dans notre programme de mentorat. <\/p>\n\n\n\n<h4 class=\"wp-block-heading has-text-align-left has-text-align-center has-text-color\" id=\"why-mentor\" style=\"color:#000000\"><strong>Pourquoi participer en tant que mentor ?<\/strong><\/h4>\n\n\n\n<p class=\"has-text-color wp-block-paragraph\" style=\"color:#000000\">\u2022 Avoir un impact sur la vie d\u2019un jeune<br>\u2022 Contribuer au d\u00e9veloppement d\u2019une nouvelle entreprise dans votre communaut\u00e9<br>\u2022 Partager votre passion et expertise<br>\u2022 Vous \u00e9panouir sur le plan professionnel et red\u00e9finir vos propres objectifs<br>\u2022 Recevoir la promotion gratuite pour votre entreprise<br>\u2022 Atteigner vos objectifs RSE<\/p>\n\n\n\n<h4 class=\"wp-block-heading has-text-align-left has-text-align-center\" id=\"eligibility\"><strong>Admissibilit\u00e9<\/strong><\/h4>\n\n\n\n<p class=\"has-text-color wp-block-paragraph\" style=\"color:#000000\">Vous \u00eates admissible \u00e0 participer comme mentor si vous :<br>\u2022 \u00eates entrepreneur ; propri\u00e9taire ou copropri\u00e9taire d\u2019une entreprise qui exerce ses activit\u00e9s dans la R\u00e9gion du Grand Toronto<br><strong>OU<br><\/strong>\u2022 \u00eates intrapreneur ; un employ\u00e9 dans une entreprise o\u00f9 vous avez \u00e9t\u00e9 \u00e0 la t\u00eate de la cr\u00e9ation et du lancement d\u2019un produit ou d\u2019un service gagnant pour l\u2019entreprise<br>\u2022 avez un minimum de 2 ans d\u2019exp\u00e9rience comme entrepreneur ou intrapreneur au cours des 10 derni\u00e8res ann\u00e9es<br>\u2022 \u00eates pr\u00eat (e) \u00e0 donner des conseils et de la r\u00e9troaction \u00e0 l\u2019entrepreneur en herbe ou \u00e0 une petite \u00e9quipe d\u2019entrepreneurs en herbe<strong>*<\/strong>&nbsp;en ligne ou par t\u00e9l\u00e9phone, <strong>1 heure par semaine<\/strong>, pour un total de 6 semaines (\u00e0 votre convenance)<br><strong>*Il n\u2019y a pas d\u2019autre engagement de temps&nbsp;<\/strong>si vous choisissez de guider une petite \u00e9quipe<\/p>\n\n\n\n<div class=\"wp-block-buttons is-content-justification-center is-layout-flex wp-container-core-buttons-is-layout-fe48e5de wp-block-buttons-is-layout-flex\">\n<div class=\"wp-block-button is-style-outline is-style-outline--1\"><a class=\"wp-block-button__link has-accent-1-color has-sitebg-background-color has-text-color has-background has-link-color has-text-align-center wp-element-button\" href=\"http:\/\/the6rightest.com\/fr\/mentor-application\/\">Devenez mentor<\/a><\/div>\n<\/div>\n\n\n\n<div style=\"height:21px\" aria-hidden=\"true\" class=\"wp-block-spacer\"><\/div>\n\n\n\n<div class=\"wp-block-buttons is-content-justification-center is-layout-flex wp-container-core-buttons-is-layout-fe48e5de wp-block-buttons-is-layout-flex\">\n<div class=\"wp-block-button is-style-outline is-style-outline--2\"><a class=\"wp-block-button__link has-accent-1-color has-sitebg-background-color has-text-color has-background has-link-color has-text-align-center wp-element-button\" href=\"http:\/\/the6rightest.com\/fr\/faq\/\" target=\"_blank\" rel=\"noreferrer noopener\">FAQ<\/a><\/div>\n<\/div>","protected":false},"excerpt":{"rendered":"<p>We are currently looking for entrepreneurs to share their expertise in our mentorship program. Why Mentor? \u2022 Make an impact on a young person&#8217;s life\u2022 &hellip;<\/p>","protected":false},"author":1,"featured_media":5304,"parent":0,"menu_order":0,"comment_status":"closed","ping_status":"closed","template":"","meta":{"_crdt_document":"","_monsterinsights_skip_tracking":false,"_monsterinsights_sitenote_active":false,"_monsterinsights_sitenote_note":"","_monsterinsights_sitenote_category":0,"_uf_show_specific_survey":0,"_uf_disable_surveys":false,"footnotes":""},"class_list":["post-2149","page","type-page","status-publish","has-post-thumbnail","hentry"],"aioseo_notices":[],"jetpack_sharing_enabled":true,"jetpack_shortlink":"https:\/\/wp.me\/P9EHbH-yF","amp_enabled":true,"_links":{"self":[{"href":"https:\/\/the6rightest.com\/fr\/wp-json\/wp\/v2\/pages\/2149","targetHints":{"allow":["GET"]}}],"collection":[{"href":"https:\/\/the6rightest.com\/fr\/wp-json\/wp\/v2\/pages"}],"about":[{"href":"https:\/\/the6rightest.com\/fr\/wp-json\/wp\/v2\/types\/page"}],"author":[{"embeddable":true,"href":"https:\/\/the6rightest.com\/fr\/wp-json\/wp\/v2\/users\/1"}],"replies":[{"embeddable":true,"href":"https:\/\/the6rightest.com\/fr\/wp-json\/wp\/v2\/comments?post=2149"}],"version-history":[{"count":100,"href":"https:\/\/the6rightest.com\/fr\/wp-json\/wp\/v2\/pages\/2149\/revisions"}],"predecessor-version":[{"id":6894,"href":"https:\/\/the6rightest.com\/fr\/wp-json\/wp\/v2\/pages\/2149\/revisions\/6894"}],"wp:featuredmedia":[{"embeddable":true,"href":"https:\/\/the6rightest.com\/fr\/wp-json\/wp\/v2\/media\/5304"}],"wp:attachment":[{"href":"https:\/\/the6rightest.com\/fr\/wp-json\/wp\/v2\/media?parent=2149"}],"curies":[{"name":"wp","href":"https:\/\/api.w.org\/{rel}","templated":true}]}}