{"id":4235,"date":"2020-01-26T17:47:12","date_gmt":"2020-01-26T22:47:12","guid":{"rendered":"https:\/\/the6rightest.com\/?page_id=4235"},"modified":"2025-02-15T16:53:04","modified_gmt":"2025-02-15T21:53:04","slug":"faq","status":"publish","type":"page","link":"https:\/\/the6rightest.com\/fr\/faq\/","title":{"rendered":"FAQ"},"content":{"rendered":"<h3 class=\"wp-block-heading has-text-color\" id=\"general\" style=\"color:#fec63b\"><strong>QUESTIONS G\u00c9N\u00c9RALES<\/strong><\/h3>\n\n\n\n<h4 class=\"wp-block-heading\" id=\"q-i-would-like-to-make-a-donation-where-will-my-money-go\">Q : Je voudrais faire un don. O\u00f9 va aller l\u2019argent ?<\/h4>\n\n\n\n<p class=\"wp-block-paragraph\"><strong>R :<\/strong> L\u2019argent que vous donnez aide \u00e0 couvrir les co\u00fbts de notre programme de mentorat, des prix, des ressources et l\u2019administration. Vous pouvez \u00e9galement nous soutenir en faisant don de biens ou de services que nous puissions attribuer comme prix. <a href=\"https:\/\/the6rightest.com\/fr\/impact\/\">Cliquez ici pour d\u00e9couvrir comment vous impliquer.<\/a><\/p>\n\n\n\n<h4 class=\"wp-block-heading\" id=\"q-what-makes-the-6rightest-different-from-other-programs\">Q: Qu\u2019est-ce que diff\u00e9rencie the 6rightest des autres programmes ?<\/h4>\n\n\n\n<p class=\"wp-block-paragraph\"><strong>R : <\/strong>Notre cadre de programme unique fournit une approche holistique \u00e0 l\u2019entrepreneuriat. Nous mettons l\u2019accent sur la cultivation des comp\u00e9tences essentielles et la conscience de soi chez les \u00e9l\u00e8ves, tout en d\u00e9veloppant leur esprit d\u2019entreprise et en nouant de nouvelles relations d\u2019affaires. Le programme de mentorat The 6rightest offre l\u2019occasion de recevoir un soutien individuel d\u2019un mentor exp\u00e9riment\u00e9 sur une p\u00e9riode de six mois. <a href=\"https:\/\/the6rightest.com\/fr\/program\/\">Cliquez ici pour en apprendre plus.<\/a><\/p>\n\n\n\n<h4 class=\"wp-block-heading has-text-color\" id=\"q-is-there-an-application-fee-for-the-mentorship-program\" style=\"color:#000000\">Q : Y a-t-il des frais de demande pour le Programme de mentorat ?<\/h4>\n\n\n\n<p class=\"wp-block-paragraph\"><strong>R : <\/strong>Aucun frais n\u2019est exig\u00e9 pour effectuer une demande.<\/p>\n\n\n\n<h4 class=\"wp-block-heading has-text-color\" id=\"q-is-there-a-cost-to-participate-in-the-mentorship-program\" style=\"color:#000000\">Q : Y a-t-il des co\u00fbts pour participer au Programme de mentorat ?<\/h4>\n\n\n\n<p class=\"wp-block-paragraph\"><strong>R : <\/strong>Non, il n\u2019y a aucun co\u00fbt pour participer au programme. Le programme est financ\u00e9 par nos sponsors g\u00e9n\u00e9reux.<\/p>\n\n\n\n<h4 class=\"wp-block-heading has-text-color\" id=\"q-can-i-apply-anytime\" style=\"color:#000000\">Q : Puis-je pr\u00e9senter une demande \u00e0 tout moment ?<\/h4>\n\n\n\n<p class=\"wp-block-paragraph\"><strong>R : <\/strong>R : Oui, les demandes pour le programme  sont accept\u00e9es pendant toute l'ann\u00e9e.<\/p>\n\n\n\n<h3 class=\"wp-block-heading has-text-color\" id=\"mentors\" style=\"color:#fec63b\"><strong>MENTORS<\/strong><\/h3>\n\n\n\n<h4 class=\"wp-block-heading\" id=\"q-i-want-to-help-as-a-mentor-what-kind-of-commitment-am-i-making\">Q : Je voudrais agir comme mentor. Quel est l\u2019engagement ?<\/h4>\n\n\n\n<p class=\"wp-block-paragraph\"><strong>R : <\/strong>Pour agir comme mentor, on vous demande de donner des conseils et de la r\u00e9troaction \u00e0 l\u2019entrepreneur en herbe ou \u00e0 une petite \u00e9quipe d\u2019entrepreneurs en herbe.<strong>*<\/strong>\u00a0en ligne ou par t\u00e9l\u00e9phone, <strong>1 heure par semaine<\/strong>, over 6 weeks (scheduled at your convenience). <strong>*Il n\u2019y a pas d\u2019autre engagement de temps\u00a0<\/strong>si vous choisissez de guider une petite \u00e9quipe des entrepreneurs en herbe. <a href=\"https:\/\/the6rightest.com\/fr\/mentors\/\" target=\"_blank\" rel=\"noopener\" title=\"\">Cliquez ici pour en apprendre plus.<\/a><\/p>\n\n\n\n<h4 class=\"wp-block-heading\" id=\"q-i-m-not-an-entrepreneur-but-i-want-to-help-as-a-mentor-can-i\">Q : Je ne suis pas entrepreneur. Puis-je tout de m\u00eame m\u2019engager comme mentor ?<\/h4>\n\n\n\n<p class=\"wp-block-paragraph\"><strong>R : <\/strong>Oui, vous pouvez ! Le programme de mentorat n\u2019est pas limit\u00e9 exclusivement aux entrepreneurs. Vous puissez \u00eatre intrapreneur (un employ\u00e9 dans une entreprise o\u00f9 vous \u00e9tiez \u00e0 la t\u00eate de la cr\u00e9ation et du lancement d\u2019un produit ou d\u2019un service gagnant pour l\u2019entreprise). Si vous avez un minimum de 2 ans d\u2019exp\u00e9rience comme intrapreneur au cours des 10 derni\u00e8res ann\u00e9es nous vous invitons \u00e0 participer ! <a href=\"https:\/\/the6rightest.com\/fr\/mentors\/\" target=\"_blank\" rel=\"noopener\" title=\"\">Cliquez ici pour en apprendre plus.<\/a><\/p>\n\n\n\n<h4 class=\"wp-block-heading has-text-color\" id=\"q-i-d-like-to-help-as-a-mentor-but-high-school-was-a-long-time-ago-i-might-find-it-difficult-to-relate-to-young-people\" style=\"color:#000000\">Q : Je voudrais m\u2019engager comme mentor mais l\u2019\u00e9cole secondaire \u00e9tait une \u00e9poque lointaine. Je pourrais avoir du mal \u00e0 \u00e9tablir des liens avec des jeunes.<\/h4>\n\n\n\n<p class=\"wp-block-paragraph\"><strong>R : <\/strong>Ne vous inqui\u00e9tez pas ! Nous avons cr\u00e9\u00e9 une ressource qui vous permet \u00e0 suivre le progr\u00e8s de votre \u00e9l\u00e8ve et \u00e0 faciliter la r\u00e9troaction.<\/p>\n\n\n\n<h4 class=\"wp-block-heading has-text-color\" id=\"q-i-don-t-have-time-to-give-as-a-mentor-how-else-can-i-help\" style=\"color:#000000\">Q : Je n\u2019ai pas du temps \u00e0 consacrer comme mentor, comment puis-je aider autrement ?<\/h4>\n\n\n\n<p class=\"wp-block-paragraph\"><strong>R :<\/strong> Vous pouvez \u00e9galement nous soutenir en faisant un don, en sponsorisant le programme ou un \u00e9v\u00e9nement ou en faisant don de biens ou de services que nous puissions attribuer comme prix. <a href=\"https:\/\/the6rightest.com\/fr\/support\/\" target=\"_blank\" rel=\"noopener\" title=\"\">Cliquez ici pour faire un don.<\/a><\/p>\n\n\n\n<h3 class=\"wp-block-heading has-text-color\" id=\"students\" style=\"color:#fec63b\"><strong>JEUNES<\/strong><\/h3>\n\n\n\n<h4 class=\"wp-block-heading\" id=\"q-i-m-a-student-and-i-d-like-to-participate-in-the-program-what-kind-of-commitment-am-i-making\">Q : Je suis \u00e9l\u00e8ve du secondaire et je voudrais participer au programme. Quel est l\u2019engagement ?<\/h4>\n\n\n\n<p class=\"wp-block-paragraph\"><strong>R : <\/strong>To participate you must have time to work on your business idea for six months and receive feedback from\u00a0your mentor online or on the phone, 1 hour per week. <a href=\"https:\/\/the6rightest.com\/fr\/students\/\" target=\"_blank\" rel=\"noopener\" title=\"\">Cliquez ici pour en apprendre plus.<\/a><\/p>\n\n\n\n<h4 class=\"wp-block-heading\" id=\"q-what-is-a-barrier-to-success\">Q : Qu\u2019est-ce qu\u2019un obstacle au succ\u00e8s ?<\/h4>\n\n\n\n<p class=\"wp-block-paragraph\"><strong>R : <\/strong>Un obstacle au succ\u00e8s est une situation qui vous limite ou vous emp\u00eache de recevoir le soutien n\u00e9cessaire pour lancer votre entreprise. Les obstacles comprennent l\u2019in\u00e9galit\u00e9 entre les sexes, la discrimination raciale ou religieuse, l\u2019ins\u00e9curit\u00e9 financi\u00e8re, les r\u00e9seaux limit\u00e9s et les obstacles associ\u00e9s \u00e0 l\u2019immigration au Canada.<\/p>\n\n\n\n<h4 class=\"wp-block-heading has-text-color\" id=\"q-i-have-a-great-business-idea-but-i-ve-graduated-high-school-can-i-still-participate-in-the-mentorship-program\" style=\"color:#000000\">Q : J\u2019ai une id\u00e9e d\u2019entreprise g\u00e9niale, mais j\u2019ai termin\u00e9 mes \u00e9tudes secondaires. Puis-je tout de m\u00eame participer au programme de mentorat ?<\/h4>\n\n\n\n<p class=\"wp-block-paragraph\"><strong>R : <\/strong>Oui, vous pouvez ! Vous ne devez pas \u00eatre \u00e9l\u00e8ve du secondaire pour participer, cependant vous devez \u00eatre \u00e2g\u00e9 au moins 15 ans. <a href=\"https:\/\/the6rightest.com\/fr\/students\/\" target=\"_blank\" rel=\"noopener\" title=\"\">Cliquez ici pour en apprendre plus.<\/a><\/p>\n\n\n\n<h4 class=\"wp-block-heading\" id=\"q-i-have-no-prior-experience-in-business-or-work-but-i-have-a-business-idea-can-i-still-participate-in-the-mentorship-program\">Q : Je n\u2019ai pas d\u2019exp\u00e9rience pr\u00e9alable de travail, mais j\u2019ai une id\u00e9e d\u2019entreprise ! Puis-je tout de m\u00eame participer au programme de mentorat ?<\/h4>\n\n\n\n<p class=\"wp-block-paragraph\"><strong>R : <\/strong>Oui, vous pouvez ! Pour y participer, on vous demande d\u2019avoir une id\u00e9e d\u2019entreprise et de poss\u00e9der la d\u00e9termination de la transformer en une entreprise florissante. Tandis qu\u2019avoir d\u2019exp\u00e9rience de travail puisse vous aider, ce n\u2019est pas une condition pr\u00e9alable \u00e0 la participation. <a href=\"https:\/\/the6rightest.com\/fr\/students\/\" target=\"_blank\" rel=\"noopener\" title=\"\">Cliquez ici pour en apprendre plus.<\/a><\/p>","protected":false},"excerpt":{"rendered":"<p>GENERAL Q: I would like to make a donation. Where will my money go? A: The money you donate helps to cover the cost of &hellip;<\/p>","protected":false},"author":1,"featured_media":5203,"parent":0,"menu_order":0,"comment_status":"closed","ping_status":"closed","template":"","meta":{"_crdt_document":"","_monsterinsights_skip_tracking":false,"_monsterinsights_sitenote_active":false,"_monsterinsights_sitenote_note":"","_monsterinsights_sitenote_category":0,"_uf_show_specific_survey":0,"_uf_disable_surveys":false,"footnotes":""},"class_list":["post-4235","page","type-page","status-publish","has-post-thumbnail","hentry"],"aioseo_notices":[],"jetpack_sharing_enabled":true,"jetpack_shortlink":"https:\/\/wp.me\/P9EHbH-16j","amp_enabled":true,"_links":{"self":[{"href":"https:\/\/the6rightest.com\/fr\/wp-json\/wp\/v2\/pages\/4235","targetHints":{"allow":["GET"]}}],"collection":[{"href":"https:\/\/the6rightest.com\/fr\/wp-json\/wp\/v2\/pages"}],"about":[{"href":"https:\/\/the6rightest.com\/fr\/wp-json\/wp\/v2\/types\/page"}],"author":[{"embeddable":true,"href":"https:\/\/the6rightest.com\/fr\/wp-json\/wp\/v2\/users\/1"}],"replies":[{"embeddable":true,"href":"https:\/\/the6rightest.com\/fr\/wp-json\/wp\/v2\/comments?post=4235"}],"version-history":[{"count":41,"href":"https:\/\/the6rightest.com\/fr\/wp-json\/wp\/v2\/pages\/4235\/revisions"}],"predecessor-version":[{"id":6906,"href":"https:\/\/the6rightest.com\/fr\/wp-json\/wp\/v2\/pages\/4235\/revisions\/6906"}],"wp:featuredmedia":[{"embeddable":true,"href":"https:\/\/the6rightest.com\/fr\/wp-json\/wp\/v2\/media\/5203"}],"wp:attachment":[{"href":"https:\/\/the6rightest.com\/fr\/wp-json\/wp\/v2\/media?parent=4235"}],"curies":[{"name":"wp","href":"https:\/\/api.w.org\/{rel}","templated":true}]}}