{"id":4691,"date":"2020-08-10T18:32:36","date_gmt":"2020-08-10T22:32:36","guid":{"rendered":"https:\/\/the6rightest.com\/?page_id=4691"},"modified":"2023-07-27T11:41:49","modified_gmt":"2023-07-27T15:41:49","slug":"impact","status":"publish","type":"page","link":"https:\/\/the6rightest.com\/fr\/impact\/","title":{"rendered":"Un engagement modeste avec un grand impact"},"content":{"rendered":"<h3 class=\"wp-block-heading has-text-align-center has-text-color\" id=\"quick-ways-to-get-involved\" style=\"color:#fec63b\">Fa\u00e7ons rapides de vous impliquer<\/h3>\n\n\n\n<h5 class=\"wp-block-heading has-text-align-center has-text-color\" id=\"1-hour-week-for-6-months\" style=\"color:#fec63b\">1 heure \/ semaine pour 6 mois<\/h5>\n\n\n\n<p class=\"has-text-align-center has-black-color has-text-color wp-block-paragraph\">Participez \u00e0 notre programme de mentorat en tant que mentor b\u00e9n\u00e9vole ou jeune entrepreneur. Nous demandons un engagement d'une heure par semaine (au t\u00e9l\u00e9phone ou en ligne).<\/p>\n\n\n\n<div class=\"wp-block-columns is-layout-flex wp-container-core-columns-is-layout-8f761849 wp-block-columns-is-layout-flex\">\n<div class=\"wp-block-column is-layout-flow wp-block-column-is-layout-flow\">\n<p class=\"has-text-align-center wp-block-paragraph\"><a class=\"button\" href=\"http:\/\/the6rightest.com\/fr\/Mentors\/\" target=\"_blank\" rel=\"noopener noreferrer\">Mentors<\/a><\/p>\n<\/div>\n\n\n\n<div class=\"wp-block-column is-layout-flow wp-block-column-is-layout-flow\"><\/div>\n\n\n\n<div class=\"wp-block-column is-vertically-aligned-bottom is-layout-flow wp-block-column-is-layout-flow\">\n<p class=\"has-text-align-center wp-block-paragraph\"><a class=\"button\" href=\"http:\/\/the6rightest.com\/fr\/students\/\" target=\"_blank\" rel=\"noopener noreferrer\">Jeunes<\/a><\/p>\n<\/div>\n<\/div>\n\n\n\n<hr class=\"wp-block-separator has-text-color has-luminous-vivid-amber-color has-css-opacity has-luminous-vivid-amber-background-color has-background is-style-default\"\/>\n\n\n\n<h5 class=\"wp-block-heading has-text-align-center has-text-color\" id=\"2-hours\" style=\"color:#fec63b\">1 jour<\/h5>\n\n\n\n<p class=\"has-text-align-center wp-block-paragraph\">Participez en tant qu'entrepreneur b\u00e9n\u00e9vole \u00e0 l'une de nos conf\u00e9rences. Pr\u00e9sentez un court discours, un atelier sur votre domaine d'expertise ou faites partie d'un panel d'entrepreneurs qui jugeront un concours de pitch.<\/p>\n\n\n\n<p class=\"has-text-align-center has-white-color has-text-color wp-block-paragraph\"><a class=\"button\" href=\"http:\/\/the6rightest.com\/fr\/Connect\/\" target=\"_blank\" rel=\"noopener noreferrer\">Participez<\/a><\/p>\n\n\n\n<hr class=\"wp-block-separator has-text-color has-luminous-vivid-amber-color has-css-opacity has-luminous-vivid-amber-background-color has-background is-style-default\"\/>\n\n\n\n<h5 class=\"wp-block-heading has-text-align-center has-text-color\" id=\"2-minutes\" style=\"color:#fec63b\">1 minute<\/h5>\n\n\n\n<p class=\"has-text-align-center wp-block-paragraph\">Faites un don pour nos programmes et r\u00e9compenses financi\u00e8res.<\/p>\n\n\n\n<p class=\"has-text-align-center has-white-color has-text-color wp-block-paragraph\"><a class=\"button\" href=\"http:\/\/the6rightest.com\/fr\/donate\/\" target=\"_blank\" rel=\"noopener noreferrer\">Donnez<\/a><\/p>","protected":false},"excerpt":{"rendered":"<p>Quick Ways to Get Involved 1 hour \/ week for 6 months Participate as a volunteer mentor or a student in our Mentorship Program. We &hellip;<\/p>","protected":false},"author":1,"featured_media":5161,"parent":0,"menu_order":0,"comment_status":"closed","ping_status":"closed","template":"template-full.php","meta":{"_crdt_document":"","_monsterinsights_skip_tracking":false,"_monsterinsights_sitenote_active":false,"_monsterinsights_sitenote_note":"","_monsterinsights_sitenote_category":0,"_uf_show_specific_survey":0,"_uf_disable_surveys":false,"footnotes":""},"class_list":["post-4691","page","type-page","status-publish","has-post-thumbnail","hentry"],"aioseo_notices":[],"jetpack_sharing_enabled":true,"jetpack_shortlink":"https:\/\/wp.me\/P9EHbH-1dF","amp_enabled":false,"_links":{"self":[{"href":"https:\/\/the6rightest.com\/fr\/wp-json\/wp\/v2\/pages\/4691","targetHints":{"allow":["GET"]}}],"collection":[{"href":"https:\/\/the6rightest.com\/fr\/wp-json\/wp\/v2\/pages"}],"about":[{"href":"https:\/\/the6rightest.com\/fr\/wp-json\/wp\/v2\/types\/page"}],"author":[{"embeddable":true,"href":"https:\/\/the6rightest.com\/fr\/wp-json\/wp\/v2\/users\/1"}],"replies":[{"embeddable":true,"href":"https:\/\/the6rightest.com\/fr\/wp-json\/wp\/v2\/comments?post=4691"}],"version-history":[{"count":72,"href":"https:\/\/the6rightest.com\/fr\/wp-json\/wp\/v2\/pages\/4691\/revisions"}],"predecessor-version":[{"id":6364,"href":"https:\/\/the6rightest.com\/fr\/wp-json\/wp\/v2\/pages\/4691\/revisions\/6364"}],"wp:featuredmedia":[{"embeddable":true,"href":"https:\/\/the6rightest.com\/fr\/wp-json\/wp\/v2\/media\/5161"}],"wp:attachment":[{"href":"https:\/\/the6rightest.com\/fr\/wp-json\/wp\/v2\/media?parent=4691"}],"curies":[{"name":"wp","href":"https:\/\/api.w.org\/{rel}","templated":true}]}}