{"id":6302,"date":"2023-07-17T09:58:43","date_gmt":"2023-07-17T13:58:43","guid":{"rendered":"https:\/\/the6rightest.com\/?page_id=6302"},"modified":"2025-04-02T18:57:43","modified_gmt":"2025-04-02T22:57:43","slug":"mentorship-program","status":"publish","type":"page","link":"https:\/\/the6rightest.com\/fr\/mentorship-program\/","title":{"rendered":"Programme de mentorat"},"content":{"rendered":"<p class=\"wp-block-paragraph\"><mark style=\"background-color:rgba(0, 0, 0, 0)\" class=\"has-inline-color has-sitetext-color\">Notre programme de mentorat permet aux jeunes de rencontrer des entrepreneurs dans la R\u00e9gion du Grand Toronto. Les mentors aideront les jeunes \u00e0 raffiner leurs id\u00e9es et mettre en place une structure pour qu\u2019ils pourront lancer leurs entreprises plus t\u00f4t. Les mentors auront un impact durable sur les vies des jeunes, leurs entreprises et, partant, l\u2019avenir du monde des affaires.<\/mark><\/p>\n\n\n\n<h4 class=\"wp-block-heading has-headings-color has-text-color\" id=\"our-goals\"><strong>Objectifs du programme<\/strong><\/h4>\n\n\n\n<p class=\"wp-block-paragraph\"><mark style=\"background-color:rgba(0, 0, 0, 0)\" class=\"has-inline-color has-sitetext-color\">\u2022 Encourager la confiance en soi chez les jeunes entrepreneurs&nbsp;<br>\u2022 Faire grandir la communaut\u00e9 des entreprises locales<br>\u2022 Accro\u00eetre la notori\u00e9t\u00e9 de la marque des entreprises locales<br>\u2022 D\u00e9velopper l\u2019\u00e9conomie locale en cr\u00e9ant de nouvelles petites entreprises<\/mark><\/p>\n\n\n\n<div class=\"wp-block-columns is-layout-flex wp-container-core-columns-is-layout-8f761849 wp-block-columns-is-layout-flex\">\n<div class=\"wp-block-column is-layout-flow wp-block-column-is-layout-flow\" style=\"flex-basis:100%\">\n<div style=\"height:38px\" aria-hidden=\"true\" class=\"wp-block-spacer\"><\/div>\n\n\n\n<div class=\"wp-block-columns is-layout-flex wp-container-core-columns-is-layout-8f761849 wp-block-columns-is-layout-flex\">\n<div class=\"wp-block-column is-layout-flow wp-block-column-is-layout-flow\" style=\"flex-basis:100%\">\n<div class=\"wp-block-columns is-layout-flex wp-container-core-columns-is-layout-8f761849 wp-block-columns-is-layout-flex\">\n<div class=\"wp-block-column is-style-outline has-background-color-white has-sitebg-background-color has-background is-layout-flow wp-block-column-is-layout-flow\">\n<div class=\"wp-block-buttons is-content-justification-center is-layout-flex wp-container-core-buttons-is-layout-fe48e5de wp-block-buttons-is-layout-flex\">\n<div class=\"wp-block-button is-style-outline background-color-white is-style-outline--1\"><a class=\"wp-block-button__link has-accent-1-color has-white-background-color has-text-color has-background has-link-color wp-element-button\" href=\"http:\/\/the6rightest.com\/fr\/students\/\" target=\"_blank\" rel=\"noreferrer noopener\">Jeunes<\/a><\/div>\n<\/div>\n<\/div>\n\n\n\n<div class=\"wp-block-column is-layout-flow wp-block-column-is-layout-flow\">\n<div class=\"wp-block-buttons is-content-justification-center is-layout-flex wp-container-core-buttons-is-layout-fe48e5de wp-block-buttons-is-layout-flex\">\n<div class=\"wp-block-button is-style-outline is-style-outline--2\"><a class=\"wp-block-button__link has-accent-1-color has-white-background-color has-text-color has-background has-link-color wp-element-button\" href=\"http:\/\/the6rightest.com\/fr\/faq\/\" target=\"_blank\" rel=\"noreferrer noopener\">FAQ<\/a><\/div>\n<\/div>\n<\/div>\n\n\n\n<div class=\"wp-block-column is-layout-flow wp-block-column-is-layout-flow\">\n<div class=\"wp-block-buttons is-content-justification-center is-layout-flex wp-container-core-buttons-is-layout-fe48e5de wp-block-buttons-is-layout-flex\">\n<div class=\"wp-block-button is-style-outline is-style-outline--3\"><a class=\"wp-block-button__link has-accent-1-color has-white-background-color has-text-color has-background has-link-color wp-element-button\" href=\"http:\/\/the6rightest.com\/fr\/mentors\/\" target=\"_blank\" rel=\"noreferrer noopener\">Mentors<\/a><\/div>\n<\/div>\n<\/div>\n<\/div>\n<\/div>\n<\/div>\n<\/div>\n<\/div>\n\n\n\n<p class=\"has-text-align-left has-text-align-center has-headings-color has-text-color has-link-color wp-elements-1f07b762b852f052ce0a9d3251c18346 wp-block-paragraph\"><strong>Nous sommes d\u00e9sol\u00e9s que la vid\u00e9o ci-dessous ne soit pas disponible qu\u2019en anglais pour l\u2019instant. Veuillez noter que notre programme n'est plus limit\u00e9 \u00e0 la p\u00e9riode estivale. Il se d\u00e9roule pendant toute l'ann\u00e9e.<\/strong><\/p>\n\n\n\n<figure class=\"wp-block-video wp-block-embed is-type-video is-provider-videopress\"><div class=\"wp-block-embed__wrapper\">\n<iframe title=\"VideoPress Video Player\" aria-label='VideoPress Video Player' width='760' height='428' src='https:\/\/videopress.com\/embed\/GNNosMTJ?cover=1&amp;preloadContent=metadata&amp;hd=0' frameborder='0' allowfullscreen data-resize-to-parent=\"true\" allow='clipboard-write'><\/iframe><script src='https:\/\/v0.wordpress.com\/js\/next\/videopress-iframe.js?m=1739540970'><\/script>\n<\/div><figcaption>Programme de mentorat<\/figcaption><\/figure>\n\n\n\n<p class=\"wp-block-paragraph\">Pour en savoir plus sur nos programmes, consultez <a href=\"https:\/\/the6rightest.com\/wp-content\/uploads\/2023\/08\/By-Laws-August2023.pdf\">nos r\u00e8glements<\/a>.<\/p>","protected":false},"excerpt":{"rendered":"<p>Our Mentorship Program offers youth an opportunity to connect with entrepreneurs in the GTA. Mentors help their students refine their ideas and build a structure &hellip;<\/p>","protected":false},"author":1,"featured_media":5308,"parent":0,"menu_order":0,"comment_status":"closed","ping_status":"closed","template":"","meta":{"_crdt_document":"","_monsterinsights_skip_tracking":false,"_monsterinsights_sitenote_active":false,"_monsterinsights_sitenote_note":"","_monsterinsights_sitenote_category":0,"_uf_show_specific_survey":0,"_uf_disable_surveys":false,"jetpack_post_was_ever_published":false,"footnotes":""},"class_list":["post-6302","page","type-page","status-publish","has-post-thumbnail","hentry"],"aioseo_notices":[],"jetpack_sharing_enabled":true,"jetpack_shortlink":"https:\/\/wp.me\/P9EHbH-1DE","amp_enabled":true,"_links":{"self":[{"href":"https:\/\/the6rightest.com\/fr\/wp-json\/wp\/v2\/pages\/6302","targetHints":{"allow":["GET"]}}],"collection":[{"href":"https:\/\/the6rightest.com\/fr\/wp-json\/wp\/v2\/pages"}],"about":[{"href":"https:\/\/the6rightest.com\/fr\/wp-json\/wp\/v2\/types\/page"}],"author":[{"embeddable":true,"href":"https:\/\/the6rightest.com\/fr\/wp-json\/wp\/v2\/users\/1"}],"replies":[{"embeddable":true,"href":"https:\/\/the6rightest.com\/fr\/wp-json\/wp\/v2\/comments?post=6302"}],"version-history":[{"count":100,"href":"https:\/\/the6rightest.com\/fr\/wp-json\/wp\/v2\/pages\/6302\/revisions"}],"predecessor-version":[{"id":7256,"href":"https:\/\/the6rightest.com\/fr\/wp-json\/wp\/v2\/pages\/6302\/revisions\/7256"}],"wp:featuredmedia":[{"embeddable":true,"href":"https:\/\/the6rightest.com\/fr\/wp-json\/wp\/v2\/media\/5308"}],"wp:attachment":[{"href":"https:\/\/the6rightest.com\/fr\/wp-json\/wp\/v2\/media?parent=6302"}],"curies":[{"name":"wp","href":"https:\/\/api.w.org\/{rel}","templated":true}]}}