{"id":6649,"date":"2025-02-14T16:00:19","date_gmt":"2025-02-14T21:00:19","guid":{"rendered":"https:\/\/the6rightest.com\/?page_id=6649"},"modified":"2025-10-07T20:28:44","modified_gmt":"2025-10-08T00:28:44","slug":"support","status":"publish","type":"page","link":"https:\/\/the6rightest.com\/fr\/support\/","title":{"rendered":"Soutien"},"content":{"rendered":"<h1 class=\"wp-block-heading has-text-align-center has-text-color\" id=\"quick-ways-to-get-involved\" style=\"color:#fec63b\"><mark style=\"background-color:rgba(0, 0, 0, 0)\" class=\"has-inline-color has-accent-1-color\">Comment pouvez-vous nous soutenir ?<\/mark><\/h1>\n\n\n\n<div class=\"wp-block-columns is-layout-flex wp-container-core-columns-is-layout-8f761849 wp-block-columns-is-layout-flex\">\n<div class=\"wp-block-column is-layout-flow wp-block-column-is-layout-flow\">\n<h2 class=\"wp-block-heading\">1 hour \/ week<\/h2>\n\n\n\n<p class=\"wp-block-paragraph\">Participez \u00e0 notre programme de mentorat en tant que mentor. Nous demandons un engagement d'une heure par semaine pendant 6 semaines (au t\u00e9l\u00e9phone ou en ligne).<\/p>\n<\/div>\n\n\n\n<div class=\"wp-block-column is-layout-flow wp-block-column-is-layout-flow\">\n<h2 class=\"wp-block-heading\">1 heure<\/h2>\n\n\n\n<p class=\"wp-block-paragraph\">Participez en tant qu'entrepreneur b\u00e9n\u00e9vole \u00e0 l'une de nos conf\u00e9rences. Pr\u00e9sentez un court discours, un atelier sur votre domaine d'expertise ou faites partie d'un panel d'entrepreneurs qui jugeront un concours de pitch.<\/p>\n<\/div>\n\n\n\n<div class=\"wp-block-column is-layout-flow wp-block-column-is-layout-flow\">\n<h2 class=\"wp-block-heading\">1 minute<\/h2>\n\n\n\n<p class=\"wp-block-paragraph\">Faites un don en nature ou en argent. Contribuez \u00e0 nos programmes et r\u00e9compenses financi\u00e8res, offrez-nous des produits \u00e0 distribuer comme prix, ou permettez-nous d'utiliser votre espace pour un \u00e9v\u00e9nement.<\/p>\n<\/div>\n<\/div>\n\n\n\n<p class=\"has-text-align-center wp-block-paragraph\"><a href=\"http:\/\/the6rightest.com\/fr\/contact\/\" title=\"Send us a note\">Send us a note<\/a> to let us know how you&#8217;d like to collaborate.<\/p>","protected":false},"excerpt":{"rendered":"<p>How Can You Help? 1 hour \/ week Participate as a volunteer mentor in our Mentorship Program. We ask for a commitment of 1 hour &hellip;<\/p>","protected":false},"author":1,"featured_media":5320,"parent":0,"menu_order":0,"comment_status":"closed","ping_status":"closed","template":"","meta":{"_crdt_document":"","_monsterinsights_skip_tracking":false,"_monsterinsights_sitenote_active":false,"_monsterinsights_sitenote_note":"","_monsterinsights_sitenote_category":0,"_uf_show_specific_survey":0,"_uf_disable_surveys":false,"jetpack_post_was_ever_published":false,"footnotes":""},"class_list":["post-6649","page","type-page","status-publish","has-post-thumbnail","hentry"],"aioseo_notices":[],"jetpack_sharing_enabled":true,"jetpack_shortlink":"https:\/\/wp.me\/P9EHbH-1Jf","amp_enabled":true,"_links":{"self":[{"href":"https:\/\/the6rightest.com\/fr\/wp-json\/wp\/v2\/pages\/6649","targetHints":{"allow":["GET"]}}],"collection":[{"href":"https:\/\/the6rightest.com\/fr\/wp-json\/wp\/v2\/pages"}],"about":[{"href":"https:\/\/the6rightest.com\/fr\/wp-json\/wp\/v2\/types\/page"}],"author":[{"embeddable":true,"href":"https:\/\/the6rightest.com\/fr\/wp-json\/wp\/v2\/users\/1"}],"replies":[{"embeddable":true,"href":"https:\/\/the6rightest.com\/fr\/wp-json\/wp\/v2\/comments?post=6649"}],"version-history":[{"count":8,"href":"https:\/\/the6rightest.com\/fr\/wp-json\/wp\/v2\/pages\/6649\/revisions"}],"predecessor-version":[{"id":7424,"href":"https:\/\/the6rightest.com\/fr\/wp-json\/wp\/v2\/pages\/6649\/revisions\/7424"}],"wp:featuredmedia":[{"embeddable":true,"href":"https:\/\/the6rightest.com\/fr\/wp-json\/wp\/v2\/media\/5320"}],"wp:attachment":[{"href":"https:\/\/the6rightest.com\/fr\/wp-json\/wp\/v2\/media?parent=6649"}],"curies":[{"name":"wp","href":"https:\/\/api.w.org\/{rel}","templated":true}]}}