{"id":883,"date":"2018-08-12T22:29:47","date_gmt":"2018-08-13T02:29:47","guid":{"rendered":"https:\/\/the6rightest.com\/?page_id=883"},"modified":"2025-05-03T15:41:49","modified_gmt":"2025-05-03T19:41:49","slug":"mission","status":"publish","type":"page","link":"https:\/\/the6rightest.com\/fr\/","title":{"rendered":"Brillez."},"content":{"rendered":"<p class=\"has-text-color has-normal-font-size wp-block-paragraph\" style=\"color:#000000\"><\/p>\n\n\n\n<p class=\"has-text-color wp-block-paragraph\" style=\"color:#000000\">We guide motivated, young entrepreneurs who face barriers to success by providing them with opportunities to receive one-on-one mentorship from an experienced entrepreneur, participate in experiential learning, engage in self-reflection, and obtain financial awards. <\/p>\n\n\n\n<h6 class=\"wp-block-heading has-text-color\" id=\"our-goals\" style=\"color:#fec63b\"><strong>NOS BUTS<\/strong><\/h6>\n\n\n\n<p class=\"has-text-color wp-block-paragraph\" style=\"color:#000000\">\u2022 Encourager la confiance en soi chez les jeunes entrepreneurs&nbsp;<br>\u2022 Faire grandir la communaut\u00e9 des entreprises locales<br>\u2022 Accro\u00eetre la notori\u00e9t\u00e9 de la marque des entreprises locales<br>\u2022 D\u00e9velopper l\u2019\u00e9conomie locale en cr\u00e9ant de nouvelles petites entreprises<\/p>\n\n\n\n<p class=\"wp-block-paragraph\"><\/p>","protected":false},"excerpt":{"rendered":"<p>We guide motivated, young entrepreneurs who face barriers to success by providing them with opportunities to receive one-on-one mentorship from an experienced entrepreneur, participate in &hellip;<\/p>","protected":false},"author":1,"featured_media":0,"parent":0,"menu_order":0,"comment_status":"closed","ping_status":"closed","template":"","meta":{"_crdt_document":"","_monsterinsights_skip_tracking":false,"_monsterinsights_sitenote_active":false,"_monsterinsights_sitenote_note":"","_monsterinsights_sitenote_category":0,"_uf_show_specific_survey":0,"_uf_disable_surveys":false,"footnotes":""},"class_list":["post-883","page","type-page","status-publish","hentry"],"aioseo_notices":[],"jetpack_sharing_enabled":true,"jetpack_shortlink":"https:\/\/wp.me\/P9EHbH-ef","amp_enabled":false,"_links":{"self":[{"href":"https:\/\/the6rightest.com\/fr\/wp-json\/wp\/v2\/pages\/883","targetHints":{"allow":["GET"]}}],"collection":[{"href":"https:\/\/the6rightest.com\/fr\/wp-json\/wp\/v2\/pages"}],"about":[{"href":"https:\/\/the6rightest.com\/fr\/wp-json\/wp\/v2\/types\/page"}],"author":[{"embeddable":true,"href":"https:\/\/the6rightest.com\/fr\/wp-json\/wp\/v2\/users\/1"}],"replies":[{"embeddable":true,"href":"https:\/\/the6rightest.com\/fr\/wp-json\/wp\/v2\/comments?post=883"}],"version-history":[{"count":79,"href":"https:\/\/the6rightest.com\/fr\/wp-json\/wp\/v2\/pages\/883\/revisions"}],"predecessor-version":[{"id":6994,"href":"https:\/\/the6rightest.com\/fr\/wp-json\/wp\/v2\/pages\/883\/revisions\/6994"}],"wp:attachment":[{"href":"https:\/\/the6rightest.com\/fr\/wp-json\/wp\/v2\/media?parent=883"}],"curies":[{"name":"wp","href":"https:\/\/api.w.org\/{rel}","templated":true}]}}